{"id":2611,"date":"2017-06-09T16:18:28","date_gmt":"2017-06-09T20:18:28","guid":{"rendered":"https:\/\/wakefieldinn.ca\/?page_id=2611\/"},"modified":"2018-03-21T07:33:44","modified_gmt":"2018-03-21T11:33:44","slug":"comme-un-chalet-parc-de-la-gatineau","status":"publish","type":"page","link":"https:\/\/wakefieldinn.ca\/fr\/comme-un-chalet-parc-de-la-gatineau\/","title":{"rendered":"VOYEZ LES VACANCES SOUS UN AUTRE ANGLE"},"content":{"rendered":"<h2>Nos grandes suites ressemblent plus \u00e0 des chalets au Parc de la Gatineau<\/h2>\n<p>On ne va pas se le cacher, personne ne veut passer ses vacances dans une petite chambre \u00e0 l&rsquo;\u00e9troit face \u00e0 un parking \u00e0 Gatineau. C\u2019est pourquoi Belle de Nuit a con\u00e7u de spacieuses suites \u00e9l\u00e9gantes dignes des plus belles locations de vacances et le tout \u00e0 prix concurrentiel. <a href=\"https:\/\/wakefieldinn.ca\/fr\/chambres\/\">Chaque chambre<\/a> dispose d&rsquo;une cuisine moderne \u00e9quip\u00e9e pour la pr\u00e9paration de d\u00e9licieux repas maison. Gr\u00e2ce \u00e0 notre offre de d\u00e9part tardif et au stockage de vos bagages, notre auberge vous offre l\u2019opportunit\u00e9 de b\u00e9n\u00e9ficier d&rsquo;une apr\u00e8s-midi suppl\u00e9mentaire dans Wakefield pour ne pas ajouter de frais suppl\u00e9mentaire \u00e0 votre s\u00e9jour. Votre suite comprend \u00e9galement un d\u00e9licieux petit-d\u00e9jeuner \u00e0 la chambre pour profiter de votre patio et du lever du soleil sur la for\u00eat du Parc de la Gatineau.<\/p>\n<p>Toutes nos suites \u00e0 th\u00e8me offrent\u00a0: des patios meubl\u00e9s avec des vues \u00e0 couper le souffle, de superbes salles de bains modernes, du Wi-Fi haute vitesse gratuit, de TV HD, de foyers, de r\u00e9veils fonctionnels pour vos smartphones et 3 d&rsquo;entre elles disposent de jacuzzis priv\u00e9s.<\/p>\n<p>Personnalisez vos vacances dans le <a href=\"https:\/\/wakefieldinn.ca\/fr\/activites-wakefield-parc-de-la-gatineau\/\" target=\"_blank\" rel=\"noopener noreferrer\">Parc de la Gatineau<\/a> \u00e0 l\u2019aide des locations de BBQ, de foyers ext\u00e9rieurs et de nos forfaits spa &amp; massage \u00e0 l\u2019aide de nos partenaires locaux.<\/p>\n<p>&nbsp;<\/p>\n<p><a href=\"https:\/\/booking.odysys.com\/belle-de-nuit\">R\u00e9servez vos vacances \u00e0 Wakefield d\u00e8s aujourd&rsquo;hui.<\/a><\/p>\n<p>&nbsp;<\/p>\n<p>A tr\u00e8s vite<\/p>\n<h2><div class=\"gallery-simple cf\"><div class=\"gallery-thumb\">\r\n\t<a class=\" fancybox\" href=\"https:\/\/wakefieldinn.ca\/wp-content\/uploads\/2017\/02\/paris_top_800resize.jpg\" rel=\"lightbox[gallery]\"><img decoding=\"async\" width=\"300\" height=\"200\" src=\"https:\/\/wakefieldinn.ca\/wp-content\/uploads\/2017\/02\/paris_top_800resize-300x200.jpg\" class=\"attachment-thumbnail size-thumbnail\" alt=\"Belle de Nuit&#039;s hot tubs\" srcset=\"https:\/\/wakefieldinn.ca\/wp-content\/uploads\/2017\/02\/paris_top_800resize-300x200.jpg 300w, https:\/\/wakefieldinn.ca\/wp-content\/uploads\/2017\/02\/paris_top_800resize.jpg 800w\" sizes=\"(max-width: 300px) 100vw, 300px\" \/>\r\n\t<span><i class=\"fa fa-search-plus\"><\/i><\/span>\r\n\t<\/a><\/div><div class=\"gallery-thumb\">\r\n\t<a class=\" fancybox\" href=\"https:\/\/wakefieldinn.ca\/wp-content\/uploads\/2017\/01\/newKitchen2_revised.jpg\" rel=\"lightbox[gallery]\"><img decoding=\"async\" width=\"300\" height=\"200\" src=\"https:\/\/wakefieldinn.ca\/wp-content\/uploads\/2017\/01\/newKitchen2_revised-300x200.jpg\" class=\"attachment-thumbnail size-thumbnail\" alt=\"\" \/>\r\n\t<span><i class=\"fa fa-search-plus\"><\/i><\/span>\r\n\t<\/a><\/div><div class=\"gallery-thumb\">\r\n\t<a class=\" fancybox\" href=\"https:\/\/wakefieldinn.ca\/wp-content\/uploads\/2016\/07\/tub_300_150_outside.jpg\" rel=\"lightbox[gallery]\"><img decoding=\"async\" width=\"300\" height=\"150\" src=\"https:\/\/wakefieldinn.ca\/wp-content\/uploads\/2016\/07\/tub_300_150_outside-300x150.jpg\" class=\"attachment-thumbnail size-thumbnail\" alt=\"\" \/>\r\n\t<span><i class=\"fa fa-search-plus\"><\/i><\/span>\r\n\t<\/a><\/div><div class=\"gallery-thumb\">\r\n\t<a class=\" fancybox\" href=\"https:\/\/wakefieldinn.ca\/wp-content\/uploads\/2016\/04\/kitchen1.jpg\" rel=\"lightbox[gallery]\"><img decoding=\"async\" width=\"300\" height=\"200\" src=\"https:\/\/wakefieldinn.ca\/wp-content\/uploads\/2016\/04\/kitchen1-300x200.jpg\" class=\"attachment-thumbnail size-thumbnail\" alt=\"\" \/>\r\n\t<span><i class=\"fa fa-search-plus\"><\/i><\/span>\r\n\t<\/a><\/div><div class=\"gallery-thumb\">\r\n\t<a class=\" fancybox\" href=\"https:\/\/wakefieldinn.ca\/wp-content\/uploads\/2017\/02\/venice_tub_900resize.jpg\" rel=\"lightbox[gallery]\"><img decoding=\"async\" width=\"300\" height=\"200\" src=\"https:\/\/wakefieldinn.ca\/wp-content\/uploads\/2017\/02\/venice_tub_900resize-300x200.jpg\" class=\"attachment-thumbnail size-thumbnail\" alt=\"Activities in the Gatineau Park\" srcset=\"https:\/\/wakefieldinn.ca\/wp-content\/uploads\/2017\/02\/venice_tub_900resize-300x199.jpg 300w, https:\/\/wakefieldinn.ca\/wp-content\/uploads\/2017\/02\/venice_tub_900resize.jpg 900w\" sizes=\"(max-width: 300px) 100vw, 300px\" \/>\r\n\t<span><i class=\"fa fa-search-plus\"><\/i><\/span>\r\n\t<\/a><\/div><div class=\"gallery-thumb\">\r\n\t<a class=\" fancybox\" href=\"https:\/\/wakefieldinn.ca\/wp-content\/uploads\/2016\/07\/feature.jpg\" rel=\"lightbox[gallery]\"><img decoding=\"async\" width=\"300\" height=\"200\" src=\"https:\/\/wakefieldinn.ca\/wp-content\/uploads\/2016\/07\/feature-300x200.jpg\" class=\"attachment-thumbnail size-thumbnail\" alt=\"\" \/>\r\n\t<span><i class=\"fa fa-search-plus\"><\/i><\/span>\r\n\t<\/a><\/div><div class=\"gallery-thumb\">\r\n\t<a class=\" fancybox\" href=\"https:\/\/wakefieldinn.ca\/wp-content\/uploads\/2016\/07\/CAP_5237.jpg\" rel=\"lightbox[gallery]\"><img decoding=\"async\" width=\"300\" height=\"200\" src=\"https:\/\/wakefieldinn.ca\/wp-content\/uploads\/2016\/07\/CAP_5237-300x200.jpg\" class=\"attachment-thumbnail size-thumbnail\" alt=\"come relax and unwind at the edge of the forest\" srcset=\"https:\/\/wakefieldinn.ca\/wp-content\/uploads\/2016\/07\/CAP_5237-300x200.jpg 300w, https:\/\/wakefieldinn.ca\/wp-content\/uploads\/2016\/07\/CAP_5237.jpg 1000w\" sizes=\"(max-width: 300px) 100vw, 300px\" \/>\r\n\t<span><i class=\"fa fa-search-plus\"><\/i><\/span>\r\n\t<\/a><\/div><div class=\"gallery-thumb\">\r\n\t<a class=\" fancybox\" href=\"https:\/\/wakefieldinn.ca\/wp-content\/uploads\/2016\/04\/paris_wash_860.jpg\" rel=\"lightbox[gallery]\"><img decoding=\"async\" width=\"300\" height=\"200\" src=\"https:\/\/wakefieldinn.ca\/wp-content\/uploads\/2016\/04\/paris_wash_860-300x200.jpg\" class=\"attachment-thumbnail size-thumbnail\" alt=\"Treat yourself to an amazing stay at Belle de Nuit\" \/>\r\n\t<span><i class=\"fa fa-search-plus\"><\/i><\/span>\r\n\t<\/a><\/div><div class=\"gallery-thumb\">\r\n\t<a class=\" fancybox\" href=\"https:\/\/wakefieldinn.ca\/wp-content\/uploads\/2016\/04\/paris_washroom_860_460.jpg\" rel=\"lightbox[gallery]\"><img decoding=\"async\" width=\"300\" height=\"200\" src=\"https:\/\/wakefieldinn.ca\/wp-content\/uploads\/2016\/04\/paris_washroom_860_460-300x200.jpg\" class=\"attachment-thumbnail size-thumbnail\" alt=\"Affordable luxury in the Gatineau Hills.\" \/>\r\n\t<span><i class=\"fa fa-search-plus\"><\/i><\/span>\r\n\t<\/a><\/div><div class=\"gallery-thumb\">\r\n\t<a class=\" fancybox\" href=\"https:\/\/wakefieldinn.ca\/wp-content\/uploads\/2016\/07\/tub-1024x388.jpg\" rel=\"lightbox[gallery]\"><img decoding=\"async\" width=\"300\" height=\"200\" src=\"https:\/\/wakefieldinn.ca\/wp-content\/uploads\/2016\/07\/tub-300x200.jpg\" class=\"attachment-thumbnail size-thumbnail\" alt=\"soak after a day of snow shoeing on the trans Canada trails\" \/>\r\n\t<span><i class=\"fa fa-search-plus\"><\/i><\/span>\r\n\t<\/a><\/div><div class=\"gallery-thumb\">\r\n\t<a class=\" fancybox\" href=\"https:\/\/wakefieldinn.ca\/wp-content\/uploads\/2017\/01\/hottub2_deer_revised-1004x1024.jpg\" rel=\"lightbox[gallery]\"><img decoding=\"async\" width=\"300\" height=\"200\" src=\"https:\/\/wakefieldinn.ca\/wp-content\/uploads\/2017\/01\/hottub2_deer_revised-300x200.jpg\" class=\"attachment-thumbnail size-thumbnail\" alt=\"Nature is all around us here at Belle de Nuit\" \/>\r\n\t<span><i class=\"fa fa-search-plus\"><\/i><\/span>\r\n\t<\/a><\/div><\/div><\/h2>\n","protected":false},"excerpt":{"rendered":"<p>Nos grandes suites ressemblent plus \u00e0 des chalets au Parc de la Gatineau On ne va pas se le cacher, personne ne veut passer ses vacances dans une petite chambre &hellip; <a href=\"https:\/\/wakefieldinn.ca\/fr\/comme-un-chalet-parc-de-la-gatineau\/\">Read more<\/a><\/p>\n","protected":false},"author":4,"featured_media":2012,"parent":0,"menu_order":0,"comment_status":"closed","ping_status":"closed","template":"","meta":{"_acf_changed":false,"_seopress_robots_primary_cat":"","_seopress_titles_title":"Auberge Wakefield - Gite Parc de la Gatineau | Luxe au Bord de la For\u00eat","_seopress_titles_desc":"Nos suites avec jacuzzi priv\u00e9 ressemblent plus \u00e0 des chalets au Parc de la Gatineau. Louez notre auberge en entiers pour votre \u00e9v\u00e8nement priv\u00e9.","_seopress_robots_index":"","footnotes":"","_links_to":"","_links_to_target":""},"class_list":["post-2611","page","type-page","status-publish","has-post-thumbnail","hentry"],"acf":[],"_links":{"self":[{"href":"https:\/\/wakefieldinn.ca\/fr\/wp-json\/wp\/v2\/pages\/2611","targetHints":{"allow":["GET"]}}],"collection":[{"href":"https:\/\/wakefieldinn.ca\/fr\/wp-json\/wp\/v2\/pages"}],"about":[{"href":"https:\/\/wakefieldinn.ca\/fr\/wp-json\/wp\/v2\/types\/page"}],"author":[{"embeddable":true,"href":"https:\/\/wakefieldinn.ca\/fr\/wp-json\/wp\/v2\/users\/4"}],"replies":[{"embeddable":true,"href":"https:\/\/wakefieldinn.ca\/fr\/wp-json\/wp\/v2\/comments?post=2611"}],"version-history":[{"count":0,"href":"https:\/\/wakefieldinn.ca\/fr\/wp-json\/wp\/v2\/pages\/2611\/revisions"}],"wp:featuredmedia":[{"embeddable":true,"href":"https:\/\/wakefieldinn.ca\/fr\/wp-json\/wp\/v2\/media\/2012"}],"wp:attachment":[{"href":"https:\/\/wakefieldinn.ca\/fr\/wp-json\/wp\/v2\/media?parent=2611"}],"curies":[{"name":"wp","href":"https:\/\/api.w.org\/{rel}","templated":true}]}}