{"id":564,"date":"2012-08-15T15:28:52","date_gmt":"2012-08-15T15:28:52","guid":{"rendered":"https:\/\/wakefieldinn.ca\/home\/?lang=fr"},"modified":"2020-05-12T08:51:11","modified_gmt":"2020-05-12T12:51:11","slug":"home","status":"publish","type":"page","link":"https:\/\/wakefieldinn.ca\/fr\/","title":{"rendered":"Home"},"content":{"rendered":"<h2>Home<\/h2>\n<p>L&rsquo;Auberge Belle de Nuit Wakefield vous offre le charme d&rsquo;un g\u00eete en for\u00eat, avec de nombreuses prestations d&rsquo;un centre de s\u00e9jour moderne. Cach\u00e9 dans la foret du Parc de la Gatineau, mais \u00e0 seulement 25 minutes du centre d\u2019Ottawa, Belle de Nuit vous offre l\u2019opportunit\u00e9 de savourer toutes les meilleurs exp\u00e9riences locaux du village historique de Wakefield, et de la r\u00e9gion. Nos chambres a th\u00e8mes uniques ont \u00e9t\u00e9s con\u00e7us avec votre confort en priorit\u00e9. Nous r\u00e9jouissons de vous accueillir dans notre communaut\u00e9 dynamique et diversifi\u00e9e.<\/p>\n<p>&nbsp;<\/p>\n","protected":false},"excerpt":{"rendered":"<p>Home L&rsquo;Auberge Belle de Nuit Wakefield vous offre le charme d&rsquo;un g\u00eete en for\u00eat, avec de nombreuses prestations d&rsquo;un centre de s\u00e9jour moderne. Cach\u00e9 dans la foret du Parc de &hellip; <a href=\"https:\/\/wakefieldinn.ca\/fr\/\">Read more<\/a><\/p>\n","protected":false},"author":4,"featured_media":0,"parent":0,"menu_order":3,"comment_status":"open","ping_status":"open","template":"","meta":{"_acf_changed":false,"_seopress_robots_primary_cat":"","_seopress_titles_title":"Auberge Belle de Nuit Wakefield - Une Escapade Au Parc de la Gatineau","_seopress_titles_desc":"Offrez-vous une escapade romantique dans le parc de la Gatineau. Nos grandes suites luxueuses avec bain tourbillon \u00e0 quelques pas du village de Wakefield","_seopress_robots_index":"","footnotes":"","_links_to":"","_links_to_target":""},"class_list":["post-564","page","type-page","status-publish","hentry"],"acf":[],"_links":{"self":[{"href":"https:\/\/wakefieldinn.ca\/fr\/wp-json\/wp\/v2\/pages\/564","targetHints":{"allow":["GET"]}}],"collection":[{"href":"https:\/\/wakefieldinn.ca\/fr\/wp-json\/wp\/v2\/pages"}],"about":[{"href":"https:\/\/wakefieldinn.ca\/fr\/wp-json\/wp\/v2\/types\/page"}],"author":[{"embeddable":true,"href":"https:\/\/wakefieldinn.ca\/fr\/wp-json\/wp\/v2\/users\/4"}],"replies":[{"embeddable":true,"href":"https:\/\/wakefieldinn.ca\/fr\/wp-json\/wp\/v2\/comments?post=564"}],"version-history":[{"count":0,"href":"https:\/\/wakefieldinn.ca\/fr\/wp-json\/wp\/v2\/pages\/564\/revisions"}],"wp:attachment":[{"href":"https:\/\/wakefieldinn.ca\/fr\/wp-json\/wp\/v2\/media?parent=564"}],"curies":[{"name":"wp","href":"https:\/\/api.w.org\/{rel}","templated":true}]}}