{"id":782,"date":"2016-10-13T20:01:19","date_gmt":"2016-10-13T20:01:19","guid":{"rendered":"https:\/\/wakefieldinn.ca\/?page_id=782&#038;lang=fr"},"modified":"2022-08-09T10:49:19","modified_gmt":"2022-08-09T14:49:19","slug":"activites-wakefield-parc-de-la-gatineau","status":"publish","type":"page","link":"https:\/\/wakefieldinn.ca\/fr\/activites-wakefield-parc-de-la-gatineau\/","title":{"rendered":"Activit\u00e9s Wakefield &#038; Parc de la Gatineau"},"content":{"rendered":"<h1>Activit\u00e9s Dans La R\u00e9gion De Wakefield (INFORMATION SOUS REVUE)<\/h1>\n<p>Wakefield, Qu\u00e9bec\u00a0est un paradis pour le sport et ses activit\u00e9s saisonni\u00e8res. Le village est nich\u00e9 le long d\u2019une magnifique rivi\u00e8re dans le parc de la Gatineau. Dans la r\u00e9gion de l\u2019Outaouais, vous retrouverez la rivi\u00e8re Gatineau, id\u00e9ale pour les sports nautiques ainsi que le parc de la Gatineau qui abrite des centaines de kilom\u00e8tres de sentiers \u00e0 explorer en toutes saisons. Ces diverses collines sont un atout pour la randonn\u00e9e et le v\u00e9lo en \u00e9t\u00e9, le ski de fond et la raquette en hiver. La r\u00e9gion de Wakefield vous permet \u00e9galement de profiter des activit\u00e9s comme le ski alpin en hiver et le golf en \u00e9t\u00e9. Ce village pittoresque est de plus un centre artistique dot\u00e9 de bons restaurants, de spas et du casino au Lac-Leamy \u00e0 seulement 15 minutes en voiture. Notre auberge est au centre du village, et vous permet de visiter toute la r\u00e9gion. <a href=\"https:\/\/wakefieldinn.ca\/fr\/galerie-photo\/\">Visitez notre auberge ici<\/a>.<\/p>\n<p>Nous vous invitons \u00e0 consulter notre liste par cat\u00e9gorie d\u2019activit\u00e9s pour toutes informations suppl\u00e9mentaires\u00a0:<\/p>\n<div class=\"accordion-wrap\"><div class=\"acc-title\"><span><i class=\"fa fa-plus\"><\/i><\/span><h2>Parc de la Gatineau<\/h2><\/div><div class=\"acc-content\"><\/p>\n<ul>\n<li><a href=\"http:\/\/ccn-ncc.gc.ca\/endroits\/les-belvederes\" target=\"_blank\" rel=\"noopener noreferrer\">Belv\u00e9d\u00e8re<\/a><\/li>\n<li><a href=\"https:\/\/www.tourismeoutaouais.com\/activites\/canot-kayak-et-rafting\/\" target=\"_blank\" rel=\"noopener noreferrer\">Canot &#8211; Kayak <\/a><\/li>\n<li><a href=\"https:\/\/www.tourismeoutaouais.com\/activites\/ski-de-fond-et-raquette\/\" target=\"_blank\" rel=\"noopener noreferrer\">Ski de fond<\/a><\/li>\n<li><a href=\"https:\/\/www.tourismeoutaouais.com\/activites\/ski-de-fond-et-raquette\" target=\"_blank\" rel=\"noopener noreferrer\">Raquette<\/a><\/li>\n<li><a href=\"http:\/\/ccn-ncc.gc.ca\/endroits\/marche-et-randonnee-pedestre-dans-le-parc-de-la-gatineau\" target=\"_blank\" rel=\"noopener noreferrer\">Marche au parc<\/a><\/li>\n<li><a href=\"http:\/\/pistescyclables.ca\/Outaouais\/ParcDeLaGatineau.htm\" target=\"_blank\" rel=\"noopener noreferrer\">Cyclisme<\/a><\/li>\n<li><a href=\"http:\/\/ccn-ncc.gc.ca\/endroits\/le-velo-au-parc-de-la-gatineau\" target=\"_blank\" rel=\"noopener noreferrer\">V\u00e9lo de montagne<\/a><\/li>\n<li><a href=\"http:\/\/ccn-ncc.gc.ca\/endroits\/le-velo-au-parc-de-la-gatineau\" target=\"_blank\" rel=\"noopener noreferrer\">V\u00e9lo d&rsquo;hiver<\/a><\/li>\n<li><a href=\"http:\/\/ccn-ncc.gc.ca\/endroits\/escalade\" target=\"_blank\" rel=\"noopener noreferrer\">L&rsquo;escalade<\/a><\/li>\n<li><a href=\"http:\/\/ccn-ncc.gc.ca\/endroits\/la-peche\" target=\"_blank\" rel=\"noopener noreferrer\">La P\u00eache<\/a><\/li>\n<li><a href=\"http:\/\/ccn-ncc.gc.ca\/endroits\/la-baignade\" target=\"_blank\" rel=\"noopener noreferrer\">La baignade<\/a><\/li>\n<li><a href=\"https:\/\/www.tourismeoutaouais.com\/activites\/equitation\/\" target=\"_blank\" rel=\"noopener noreferrer\">L&rsquo;\u00e9quitation<\/a><\/li>\n<li><a href=\"https:\/\/www.tourismeoutaouais.com\/attraits\/coloris-automnal\/\" target=\"_blank\" rel=\"noopener noreferrer\">Coloris Automnal<\/a><\/li>\n<li><a href=\"http:\/\/ccn-ncc.gc.ca\/endroits\/marche-et-randonnee-pedestre-dans-le-parc-de-la-gatineau\" target=\"_blank\" rel=\"noopener noreferrer\">H\u00e9bergement -\u00e9t\u00e9<\/a><\/li>\n<\/ul>\n<p><\/div><\/div>\n<div class=\"accordion-wrap\"><div class=\"acc-title\"><span><i class=\"fa fa-plus\"><\/i><\/span><h2>R\u00e9cr\u00e9ation d'Hiver<\/h2><\/div><div class=\"acc-content\"><\/p>\n<h3>Ski Alpin Wakefield<\/h3>\n<p>Avec des pistes id\u00e9ales pour les skieurs de tous niveaux, Wakefield est \u00e0 proximit\u00e9 de nombreuses stations de ski. Le Centre Vorlage se trouve \u00e0 quelques pas de Belle de Nuit, et vous offre 15 pistes dont 13 sont disponibles la nuit 6 jours par semaine.<\/p>\n<p><a href=\"http:\/\/www.montcascades.ca\/ski\/en_home.asp\" target=\"_blank\" rel=\"noopener noreferrer\">Mont Cascade<\/a><\/p>\n<p><a href=\"https:\/\/www.skivorlage.com\/e\/welcome_e.shtml\" target=\"_blank\" rel=\"noopener noreferrer\">Ski Vorlage<\/a><\/p>\n<p><a href=\"http:\/\/www.skiedelweiss.com\/\" target=\"_blank\" rel=\"noopener noreferrer\">Edelweiss Valley<\/a><\/p>\n<p><a href=\"http:\/\/campfortune.com\/\" target=\"_blank\" rel=\"noopener noreferrer\">Camp Fortune<\/a><\/p>\n<p><a href=\"http:\/\/montstemarie.com\/\" target=\"_blank\" rel=\"noopener noreferrer\">Mont Ste. Marie<\/a><\/p>\n<h3>Ski de Fond &amp; raquette<\/h3>\n<p>Le parc de la Gatineau vous offre l&rsquo;un des plus grand r\u00e9seau de sentiers pour le ski de fond, la raquette et la marche.<\/p>\n<p><a href=\"http:\/\/www.ncc-ccn.gc.ca\/places-to-visit\/gatineau-park\/things-to-do\/cross-country-skiing-gatineau-park\" target=\"_blank\" rel=\"noopener noreferrer\">Parc de la Gatineau<\/a><\/p>\n<ul>\n<li><a href=\"https:\/\/www.google.com\/maps\/d\/u\/0\/viewer?mid=139JdMQY0HKZtY-0trmQ4wNa-1Bs\" target=\"_blank\" rel=\"noopener noreferrer\">Carte d&rsquo;hiver du parc <\/a><\/li>\n<li><a href=\"http:\/\/skitrails.xcottawa.ca\/skitrails_gatineau_park_FR.php\" target=\"_blank\" rel=\"noopener noreferrer\">Conditions de piste de ski<\/a><\/li>\n<\/ul>\n<p><a href=\"http:\/\/arbraska.com\/fr\/lafleche\/activites\/raquette\/\" target=\"_blank\" rel=\"noopener noreferrer\">Arbraska Lafl\u00e8che en raquette de Neige<\/a><\/p>\n<p><a href=\"http:\/\/www.gatineauloppet.com\/\" target=\"_blank\" rel=\"noopener noreferrer\">Gatineau Loppet: le plus grand \u00e9v\u00e9nement de ski de fond au Canada<\/a><\/p>\n<h3>Equitation Wakefield<\/h3>\n<p>A\u00a0<a href=\"http:\/\/www.captivafarms.com\/\" target=\"_blank\" rel=\"noopener noreferrer\">Captiva Farms,<\/a><strong>\u00a0<\/strong>vous pouvez faire de l&rsquo;\u00e9quitation sur les sentiers durant toute l&rsquo;ann\u00e9e ou connaitre le plaisir d&rsquo;une promenade en tra\u00eeneau en hiver.<\/p>\n<h3>Cavernes et Grottes du Qu\u00e9bec<\/h3>\n<p>Explorez la plus grande caverne du bouclier canadien <a href=\"http:\/\/arbraska.com\/fr\/lafleche\/activites\/caverne\/\/\" target=\"_blank\" rel=\"noopener noreferrer\">Arbraska Lafl\u00e8che<\/a>.<\/p>\n<h3>Erabli\u00e8res et cabanes \u00e0 sucre<\/h3>\n<p>Marchez en for\u00eat et d\u00e9guster la tire de sirop d\u2019\u00e9rable dans une ambiance folklorique bien Qu\u00e9b\u00e9coise!<\/p>\n<p><a href=\"http:\/\/www.cabaneasucrechelsea.com\/\" target=\"_blank\" rel=\"noopener noreferrer\">Le Vignoble de Chelsea<\/a><\/p>\n<p><a href=\"http:\/\/cheztimousse.com\/\" target=\"_blank\" rel=\"noopener noreferrer\">Chez Ti-Mousse<\/a><\/p>\n<p><a href=\"http:\/\/museoparc.ca\/en\/la-cabane-a-sucre-du-museoparc-vanier\/\" target=\"_blank\" rel=\"noopener noreferrer\">Cabane \u00e0 sucre Museoparc <\/a><br \/>\n<\/div><\/div>\n<div class=\"accordion-wrap\"><div class=\"acc-title\"><span><i class=\"fa fa-plus\"><\/i><\/span><h2>R\u00e9cr\u00e9ation d'Et\u00e9 Wakefield<\/h2><\/div><div class=\"acc-content\">\n<h2>R\u00e9cr\u00e9ation d&rsquo;Et\u00e9<\/h2>\n<h3>Club de Golf pr\u00e8s de Wakefield<\/h3>\n<p>Belle de Nuit est \u00e0 proximit\u00e9 de nombreux terrains de golf:<\/p>\n<p><a href=\"http:\/\/www.montcascades.com\/\" target=\"_blank\" rel=\"noopener noreferrer\">Mont Cascade<\/a><\/p>\n<p><a href=\"http:\/\/golfedelweiss.wixsite.com\/golfedelweiss\" target=\"_blank\" rel=\"noopener noreferrer\">Edelweiss Golf<\/a><\/p>\n<p><a href=\"http:\/\/www.larrimac.com\/\" target=\"_blank\" rel=\"noopener noreferrer\">Club de golf et tennis Larrimac<\/a><\/p>\n<p><a href=\"https:\/\/www.chronogolf.ca\/club\/golf-pontiac\" target=\"_blank\" rel=\"noopener noreferrer\">Club de Golf Pontiac<\/a><\/p>\n<p><a href=\"http:\/\/www.dunnderosa.ca\/\" target=\"_blank\" rel=\"noopener noreferrer\">Dunnderosa Golf<\/a><\/p>\n<p><a href=\"http:\/\/golfmontste-marie.com\/en\/index.php\" target=\"_blank\" rel=\"noopener noreferrer\">Mont Ste. Marie Golf<\/a><\/p>\n<h3>Eco Aventure<\/h3>\n<p>Choisissez l&rsquo;une des 30 aventures qui vous attendent \u00e0 <a href=\"http:\/\/www.eco-odyssee.ca\/en\/\" target=\"_blank\" rel=\"noopener noreferrer\">Eco-Odyss\u00e9e<\/a>: Des labyrinthes d&rsquo;eau, des aventures terrestres, une station d&rsquo;observation de castors et des ballades en canot.<\/p>\n<h3>Parc Aquatique<\/h3>\n<p>Rafra\u00eechissez-vous durant les mois chauds d&rsquo;\u00e9t\u00e9 au <a href=\"http:\/\/www.montcascades.ca\/aqua\/en_home.asp\" target=\"_blank\" rel=\"noopener noreferrer\">Parc Aquatique Mont Cascades <\/a> \u00e0 Cantley.<strong>\u00a0<\/strong><\/p>\n<h3>V\u00e9lo de Montagne &amp; Cyclisme<\/h3>\n<p>Avec 90 km de pistes, le parc de la Gatineau est un paradis pour le v\u00e9lo de montagne. La saison est du 13 mai au 30 novembre. Tout les dimanches matin du 15 mai au 4 septembre, prenez-part au v\u00e9los-dimanche Nokia: http:\/\/www.ccn-ncc.gc.ca\/endroits-a-visiter\/parcs-sentiers\/quoi-faire\/les-velos-dimanches-nokia<\/p>\n<p><a href=\"http:\/\/www.ncc-ccn.gc.ca\/places-to-visit\/gatineau-park\/things-to-do\/mountain-biking-gatineau-park\" target=\"_blank\" rel=\"noopener noreferrer\"> Pistes de v\u00e9lo Gatineau<\/a><\/p>\n<p><a href=\"http:\/\/campfortune.com\/wp-content\/uploads\/2015\/09\/XCountry-Trails-Camp-Fortune.pdf\" target=\"_blank\" rel=\"noopener noreferrer\">Camp Fortune<\/a><\/p>\n<p><a href=\"http:\/\/www.mountainbikeschool.ca\/mbs\/en\/Rentals\/index.php\" target=\"_blank\" rel=\"noopener noreferrer\">La Rocca XC<\/a><\/p>\n<h3>Canot et Kayak Au parc De Le Gatineau<\/h3>\n<h3>Randonn\u00e9e &amp; Course \u00e0 pied<\/h3>\n<p><a href=\"http:\/\/www.ncc-ccn.gc.ca\/sites\/default\/files\/pubs\/gatineau-park-summer-trail-map.pdf\" target=\"_blank\" rel=\"noopener noreferrer\">Parc de la Gatineau \u2013 sentiers d&rsquo;\u00e9t\u00e9<\/a><\/p>\n<p><a href=\"http:\/\/ccn-ncc.gc.ca\/endroits\/les-belvederes\" target=\"_blank\" rel=\"noopener noreferrer\"> Parc de la Gatineau &#8211; belv\u00e9d\u00e8res<\/a><\/p>\n<p><a href=\"http:\/\/arbraska.com\/fr\/lafleche\/activites\/randonnees\/\" target=\"_blank\" rel=\"noopener noreferrer\">Arbraska Lafl\u00e8che<\/a><\/p>\n<p><a href=\"http:\/\/baliseqc.ca\/3S\/regions\/outaouais\/les-sentiers-du-village-de-wakefield\" target=\"_blank\" rel=\"noopener noreferrer\"> Sentiers Transcanadiens <\/a><\/p>\n<p><a href=\"http:\/\/baliseqc.ca\/3S\/regions\/outaouais\/les-sentiers-du-village-de-wakefield\" target=\"_blank\" rel=\"noopener noreferrer\">Sentier du parc Hendrick<\/a><\/p>\n<p><a href=\"http:\/\/outaouais.quebecheritageweb.com\/fr\/exhibit\/une-visite-pied-du-village-historique-de-wakefield\" target=\"_blank\" rel=\"noopener noreferrer\">Marche Des Sites Historiques<\/a><\/p>\n<h3>Equitation<\/h3>\n<p>D\u00e9couvrez Wakefield \u00e0 cheval!<a href=\"http:\/\/www.captivafarms.com\/\" target=\"_blank\" rel=\"noopener noreferrer\"> Captiva Farms<\/a>.<\/p>\n<h3>Parcours A\u00e9riens &amp; Tyroliennes<\/h3>\n<p><a href=\" http:\/\/campfortune.com\/fr\/billets-et-informations\/\">Camp Fortune<\/a><\/p>\n<ul>\n<li><a href=\"http:\/\/campfortune.com\/fr\/parc-explorateur\/\" target=\"_blank\" rel=\"noopener noreferrer\">Parc de la Gatineau \u00ab\u00a0Parc Explorateur\u00a0\u00bb tyrolienne<\/a><\/li>\n<li><a href=\"http:\/\/campfortune.com\/fr\/parc-pour-enfants\/\" target=\"_blank\" rel=\"noopener noreferrer\">Parc Pour Enfants <\/a><\/li>\n<\/ul>\n<p><a href=\"http:\/\/www.bungee.ca\/fr\/ripride.html\" target=\"_blank\" rel=\"noopener noreferrer\">Great Canadian Bungee<\/a><\/p>\n<p><a href=\"http:\/\/arbraska.com\/fr\/lafleche\/activites\/caverne\/\" target=\"_blank\" rel=\"noopener noreferrer\">Arbraska Lafl\u00e8che<\/a><\/p>\n<p><\/div><\/div> <!--this accordion vanishes later--><\/p>\n<div class=\"accordion-wrap\"><div class=\"acc-title\"><span><i class=\"fa fa-plus\"><\/i><\/span><h2>Chasse &amp; P\u00eache <\/h2><\/div><div class=\"acc-content\"><\/p>\n<h3>P\u00eache<\/h3>\n<p>La p\u00eache au parc de la Gatineau<a href=\"http:\/\/ccn-ncc.gc.ca\/endroits\/la-peche\" target=\"_blank\" rel=\"noopener noreferrer\"> Lien Ici<\/a>.<\/p>\n<p><a href=\"https:\/\/www.mffp.gouv.qc.ca\/publications\/enligne\/faune\/reglementation-peche\/index.asp\" target=\"_blank\" rel=\"noopener noreferrer\">R\u00e8gles g\u00e9n\u00e9rales <\/a><\/p>\n<p><a href=\"http:\/\/www.sportfishjunkies.ca\/search\/fishing-spots--near--wakefield-quebec-canada-1\" target=\"_blank\" rel=\"noopener noreferrer\">Autres endroits de la r\u00e9gion <\/a><\/p>\n<h3>Chasse<\/h3>\n<p><a href=\"https:\/\/www.mffp.gouv.qc.ca\/publications\/enligne\/faune\/reglementation-chasse\/\" target=\"_blank\" rel=\"noopener noreferrer\">Zones de chasse <\/a><\/p>\n<p><a href=\"https:\/\/www.mffp.gouv.qc.ca\/publications\/enligne\/faune\/reglementation-chasse\/permis-certificats\/index.asp\" target=\"_blank\" rel=\"noopener noreferrer\">Permits <\/a><br \/>\n<\/div><\/div>\n<div class=\"accordion-wrap\"><div class=\"acc-title\"><span><i class=\"fa fa-plus\"><\/i><\/span><h2>Courses<\/h2><\/div><div class=\"acc-content\"><\/p>\n<h2>Courses<\/h2>\n<p>Participez \u00e0 l\u2019une des courses de la region!<br \/>\n<a href=\"http:\/\/www.runottawa.ca\/fr\/\" target=\"_blank\" rel=\"noopener noreferrer\">Ottawa Race Weekend<\/a><\/p>\n<p><a href=\"http:\/\/www.gatineauloppet.com\/\" target=\"_blank\" rel=\"noopener noreferrer\">Gatineau Loppet ski de fond <\/a><\/p>\n<p><a href=\"http:\/\/www.raidpulse.com\/homeFr\/index.php\" target=\"_blank\" rel=\"noopener noreferrer\">Raid Pulse Wakefield <\/a><\/p>\n<p><\/div><\/div>\n<div class=\"accordion-wrap\"><div class=\"acc-title\"><span><i class=\"fa fa-plus\"><\/i><\/span><h2>Activit\u00e9s de Groupe<\/h2><\/div><div class=\"acc-content\"><\/p>\n<h2>Activit\u00e9s de Groupe Wakefield Quebec<\/h2>\n<p><a href=\"http:\/\/www.expeditionswakefield.com\/\" target=\"_blank\" rel=\"noopener noreferrer\">Exp\u00e9dition Wakefield<\/a> &#8211; Des exp\u00e9ditions en nature en toutes saisons<\/p>\n<p><a href=\"http:\/\/ccn-ncc.gc.ca\/endroits\/visites-guidees-et-activites\" target=\"_blank\" rel=\"noopener noreferrer\">visites guid\u00e9es au parc de la Gatineau <\/a><\/p>\n<p><a href=\"http:\/\/topkarting.com\/\" target=\"_blank\" rel=\"noopener noreferrer\">Go-Carting<\/a><\/p>\n<p><a href=\"http:\/\/www.tactikpaintball.com\/index-fra.php\" target=\"_blank\" rel=\"noopener noreferrer\">Paintball<\/a><br \/>\n<\/div><\/div>\n<div class=\"accordion-wrap\"><div class=\"acc-title\"><span><i class=\"fa fa-plus\"><\/i><\/span><h2>En soir\u00e9e &amp; Musique<\/h2><\/div><div class=\"acc-content\"><\/p>\n<h2><strong>En soir\u00e9e<\/strong><\/h2>\n<p>On trouve plusieurs salles de spectacle \u00e0 Wakefield. le Black Sheep Inn is reconnu dans toute la r\u00e9gion pour ses soir\u00e9es et concerts.<\/p>\n<p><a href=\"https:\/\/www.theblacksheepinn.com\/\" target=\"_blank\" rel=\"noopener noreferrer\">Black Sheep Inn (ferm\u00e9 en ce moment)<\/a><\/p>\n<p><a href=\"https:\/\/www.facebook.com\/Kaff%C3%A9-1870-169908423032507\/\" target=\"_blank\" rel=\"noopener noreferrer\">Kaffe 1870<\/a><\/p>\n<p>Le Hibou<\/p>\n<p>Caf\u00e9 Earl<\/p>\n<h3>Casino Lac-Leamy<\/h3>\n<p>Le c\u00e9l\u00e8bre casino Lac-Leamy est seulement \u00e0 15 minutes de Wakefield. On y trouve des concerts, de superbes restaurants et bars, et bien sur des jeux <a href=\"http:\/\/www.casinosduquebec.com\/lacleamy\/en\/\" target=\"_blank\" rel=\"noopener noreferrer\"> Casino Lac-Leamy<\/a><\/p>\n<p><a href=\"http:\/\/casinos.lotoquebec.com\/fr\/lacleamy\/sortir\/spectacles\" target=\"_blank\" rel=\"noopener noreferrer\">Spectacles du casino<\/a><br \/>\n<\/div><\/div>\n<div class=\"accordion-wrap\"><div class=\"acc-title\"><span><i class=\"fa fa-plus\"><\/i><\/span><h2>Festivals &amp; Ev\u00e9nement<\/h2><\/div><div class=\"acc-content\"><\/p>\n<p><a href=\"https:\/\/centrewakefieldlapeche.ca\/evenements\/~francais\" target=\"_blank\" rel=\"noopener\">Calendrier des \u00e9v\u00e9nement La P\u00eache\/Wakefield<\/a><\/p>\n<h2>Festivals<\/h2>\n<p><a href=\"http:\/\/festibiere.ca\/fr\/hiver\/?gclid=Cj0KEQiAtqHEBRCNrdC6rYq9_oYBEiQAejvRl8AR3307avESbyWeQExwIFcT6j3eaSi5HBboeqVd8RIaAqj88P8HAQ\" target=\"_blank\" rel=\"noopener noreferrer\">Festibi\u00e8re pour les connaisseurs de bi\u00e8re<\/a><\/p>\n<p><a href=\"http:\/\/ottawajazzfestival.com\/fr\/\" target=\"_blank\" rel=\"noopener noreferrer\">Ottawa Jazz Festival<\/a><\/p>\n<p>Festival de 10 jours avec vos artistes pr\u00e9f\u00e9r\u00e9s:<a href=\"http:\/\/www.ottawabluesfest.ca\/\" target=\"_blank\" rel=\"noopener noreferrer\">Ottawa Bluesfest<\/a><\/p>\n<p><a href=\"http:\/\/wakefielddocfest.ca\/fr\/\" target=\"_blank\" rel=\"noopener\">Festival Docu Wakefield<\/a><\/p>\n<p><a href=\"http:\/\/www.tourcw.com\/\" target=\"_blank\" rel=\"noopener noreferrer\">Le tour des ateliers de Chelsea-Wakefield<\/a><\/p>\n<p><a href=\"http:\/\/www.tadafestival.ca\/\" target=\"_blank\" rel=\"noopener noreferrer\">Ta Da Festival (septembre)<\/a><\/p>\n<p><a href=\"http:\/\/www.marchewakefieldmarket.ca\/fr\/\" target=\"_blank\" rel=\"noopener noreferrer\">March\u00e9 Wakefield<\/a><\/p>\n<p><a href=\"https:\/\/www.facebook.com\/MarcheOldChelseaMarket\/\" target=\"_blank\" rel=\"noopener noreferrer\">March\u00e9 Old Chelsea <\/a><\/p>\n<p><\/div><\/div>\n<div class=\"accordion-wrap\"><div class=\"acc-title\"><span><i class=\"fa fa-plus\"><\/i><\/span><h2>Art &amp; Th\u00e9\u00e2tres <\/h2><\/div><div class=\"acc-content\"><\/p>\n<h2>Th\u00e9\u00e2tres &amp; Galleries D&rsquo;Art<\/h2>\n<p><a href=\"http:\/\/www.theatrewakefield.ca\/en\/\" target=\"_blank\" rel=\"noopener noreferrer\">Th\u00e9\u00e2tre Wakefield<\/a><\/p>\n<p><a href=\"http:\/\/www.tourcw.com\/\" target=\"_blank\" rel=\"noopener noreferrer\">Le Tour des ateliers de Chelsea-Wakefield<\/a><\/p>\n<p><a href=\"http:\/\/www.mckenziemarcotte.ca\" target=\"_blank\" rel=\"noopener noreferrer\">Galerie McKenzie Marcotte <\/a><\/p>\n<p><a href=\"http:\/\/www.khewa.com\/apropos-about_f.html\" target=\"_blank\" rel=\"noopener noreferrer\">Boutique d&rsquo;art Autochtone Khewa<\/a><\/p>\n<p><a href=\"http:\/\/www.galerieoldchelsea.ca\/\" target=\"_blank\" rel=\"noopener noreferrer\">Galerie Old Chelsea<\/a><\/p>\n<p><a href=\"https:\/\/centrewakefieldlapeche.ca\/accueil\/~francais\" target=\"_blank\" rel=\"noopener noreferrer\">Centre Wakefield La P\u00eache<\/a><br \/>\n<\/div><\/div>\n<div class=\"accordion-wrap\"><div class=\"acc-title\"><span><i class=\"fa fa-plus\"><\/i><\/span><h2>Shopping<\/h2><\/div><div class=\"acc-content\"><\/p>\n<h2>Shopping \u00e0 Wakefield<\/h2>\n<p><a href=\"http:\/\/www.latulipenoire.ca\/\" target=\"_blank\" rel=\"noopener noreferrer\">Boutique la Tulipe Noire <\/a><\/p>\n<p><a href=\"https:\/\/www.facebook.com\/End-of-the-Line-Boutique-158027900912719\/\" target=\"_blank\" rel=\"noopener noreferrer\">End of the Line Boutique<\/a><\/p>\n<p><a href=\"http:\/\/www.khewa.com\/\" target=\"_blank\" rel=\"noopener noreferrer\">Khewa Art Autochtone<\/a><\/p>\n<p><a href=\"http:\/\/www.la-foret.ca\/\" target=\"_blank\" rel=\"noopener noreferrer\">La Foret<\/a> \u2013 Magasin Sant\u00e9<\/p>\n<p><a href=\"http:\/\/www.destinationwakefield.com\/fr\/boutiques\/\" target=\"_blank\" rel=\"noopener\">Liste de Magasin Destination Wakefield<\/a><\/p>\n<p><\/div><\/div>\n<div class=\"accordion-wrap\"><div class=\"acc-title\"><span><i class=\"fa fa-plus\"><\/i><\/span><h2>Spa &amp; Sant\u00e9<\/h2><\/div><div class=\"acc-content\"><\/p>\n<h2>Spa &amp; Sant\u00e9 Wakefield<\/h2>\n<p><a href=\"https:\/\/www.lenordik.com\/\" target=\"_blank\" rel=\"noopener noreferrer\">Le c\u00e9l\u00e8bre Spa Nordik<\/a><\/p>\n<p><a href=\"https:\/\/www.amerispa.ca\/en\/spas\/details\/nordic-spas\/nordic-spa-cantley\/\" target=\"_blank\" rel=\"noopener noreferrer\">Amerispa <\/a><\/p>\n<p><a href=\"http:\/\/vraienatureyoga.ca\/schedule\" target=\"_blank\" rel=\"noopener noreferrer\">Vraie Nature Yoga<\/a><\/p>\n<p><a href=\"https:\/\/www.facebook.com\/The-Chamberlin-House-134186976612135\/?rc=p\" target=\"_blank\" rel=\"noopener noreferrer\">Chamberlin House Massage<\/a><\/p>\n<p><a href=\"http:\/\/gatineauhillsmassage.com\/\" target=\"_blank\" rel=\"noopener noreferrer\">Gatineau Hills Therapeutic Massage<\/a><\/p>\n<p><a href=\"http:\/\/tanguaytrimassage.com\/\" target=\"_blank\" rel=\"noopener noreferrer\">Tanguay Trimassage<\/a><\/p>\n<p><a href=\"http:\/\/www.halte2o.com\/en\/\" target=\"_blank\" rel=\"noopener noreferrer\">Halte2o Spa<\/a><\/p>\n<p><a href=\"http:\/\/www.yogadelasource.ca\/\" target=\"_blank\" rel=\"noopener noreferrer\">SUP Yoga<\/a><\/p>\n<p>Jillian Clarke (Registered Massage Therapist) &#8211; 490 Route 105, Old Chelsea (613) 290-7891<\/p>\n<p>Jessica Robillard (RMT) &#8211; 736 Riverside Drive, Wakefield (613) 869-3457<br \/>\n<\/div><\/div>\n","protected":false},"excerpt":{"rendered":"<p>Activit\u00e9s Dans La R\u00e9gion De Wakefield (INFORMATION SOUS REVUE) Wakefield, Qu\u00e9bec\u00a0est un paradis pour le sport et ses activit\u00e9s saisonni\u00e8res. Le village est nich\u00e9 le long d\u2019une magnifique rivi\u00e8re dans &hellip; <a href=\"https:\/\/wakefieldinn.ca\/fr\/activites-wakefield-parc-de-la-gatineau\/\">Read more<\/a><\/p>\n","protected":false},"author":4,"featured_media":2358,"parent":0,"menu_order":0,"comment_status":"closed","ping_status":"closed","template":"","meta":{"_acf_changed":false,"_seopress_robots_primary_cat":"","_seopress_titles_title":"R\u00e9cr\u00e9ation Dans La R\u00e9gion","_seopress_titles_desc":"Wakefield est un paradis pour le sport, la r\u00e9cr\u00e9ation et une grande vari\u00e9t\u00e9 d&#039;activit\u00e9s saisonni\u00e8res. Bienvenue \u00e0 notre page de r\u00e9cr\u00e9ation.","_seopress_robots_index":"","footnotes":"","_links_to":"","_links_to_target":""},"class_list":["post-782","page","type-page","status-publish","has-post-thumbnail","hentry"],"acf":[],"_links":{"self":[{"href":"https:\/\/wakefieldinn.ca\/fr\/wp-json\/wp\/v2\/pages\/782","targetHints":{"allow":["GET"]}}],"collection":[{"href":"https:\/\/wakefieldinn.ca\/fr\/wp-json\/wp\/v2\/pages"}],"about":[{"href":"https:\/\/wakefieldinn.ca\/fr\/wp-json\/wp\/v2\/types\/page"}],"author":[{"embeddable":true,"href":"https:\/\/wakefieldinn.ca\/fr\/wp-json\/wp\/v2\/users\/4"}],"replies":[{"embeddable":true,"href":"https:\/\/wakefieldinn.ca\/fr\/wp-json\/wp\/v2\/comments?post=782"}],"version-history":[{"count":0,"href":"https:\/\/wakefieldinn.ca\/fr\/wp-json\/wp\/v2\/pages\/782\/revisions"}],"wp:featuredmedia":[{"embeddable":true,"href":"https:\/\/wakefieldinn.ca\/fr\/wp-json\/wp\/v2\/media\/2358"}],"wp:attachment":[{"href":"https:\/\/wakefieldinn.ca\/fr\/wp-json\/wp\/v2\/media?parent=782"}],"curies":[{"name":"wp","href":"https:\/\/api.w.org\/{rel}","templated":true}]}}