{"id":790,"date":"2016-10-13T20:16:15","date_gmt":"2016-10-13T20:16:15","guid":{"rendered":"https:\/\/wakefieldinn.ca\/?page_id=790&#038;lang=fr"},"modified":"2022-02-05T16:25:17","modified_gmt":"2022-02-05T21:25:17","slug":"magasins-et-services-locaux","status":"publish","type":"page","link":"https:\/\/wakefieldinn.ca\/fr\/magasins-et-services-locaux\/","title":{"rendered":"Magasins et Services Locaux (INFORMATION SOUS REVUE- VOIR VERSION EN ANGLAIS)"},"content":{"rendered":"<h2 style=\"text-align: center;\">Magasins et Services Locaux<\/h2>\n<p style=\"text-align: center;\">Pharmacie Brunet <a href=\"https:\/\/www.google.ca\/maps\/place\/Brunet+pharmacie+affili%C3%A9e\/@45.6468611,-75.9306786,17z\/data=!4m12!1m6!3m5!1s0x4cd1dd59b5fd72f7:0x721e4340d64b25b1!2sBrunet+pharmacie+affili%C3%A9e!8m2!3d45.6468611!4d-75.9284899!3m4!1s0x4cd1dd59b5fd72f7:0x721e4340d64b25b1!8m2!3d45.6468611!4d-75.9284899\" target=\"_blank\" rel=\"noopener noreferrer\">Plan<\/a><\/p>\n<p style=\"text-align: center;\">H\u00f4pital M\u00e9morial de Wakefield <a href=\"https:\/\/www.google.ca\/maps\/place\/Wakefield+Memorial+Hospital\/@45.6485242,-75.9347022,17z\/data=!3m1!4b1!4m5!3m4!1s0x4cd1e9f2ff51cb11:0x277f7c18159315f4!8m2!3d45.6485242!4d-75.9325135\" target=\"_blank\" rel=\"noopener noreferrer\">Plan<\/a><\/p>\n<p style=\"text-align: center;\">Magasin G\u00e9neral de Wakefield <a href=\"https:\/\/www.google.ca\/maps\/place\/Wakefield+General+Store\/@45.6400922,-75.930505,17z\/data=!3m1!4b1!4m5!3m4!1s0x4cd1e7f6c77bcac7:0x7f3b768a89b35f14!8m2!3d45.6400922!4d-75.9283163\" target=\"_blank\" rel=\"noopener noreferrer\">Plan<\/a><\/p>\n<p style=\"text-align: center;\">For\u00eat Aliments Naturels&nbsp;<a href=\"https:\/\/www.google.ca\/maps\/place\/For%C3%AAt+Aliments+Naturel+(La)\/@45.6359602,-75.9323671,17z\/data=!3m1!4b1!4m5!3m4!1s0x4cd1e7f1954308d5:0xe4fadb4f0a8f11c3!8m2!3d45.6359602!4d-75.9301784\" target=\"_blank\" rel=\"noopener noreferrer\">Plan<\/a><\/p>\n<p style=\"text-align: center;\"><a href=\"https:\/\/www.gianttiger.com\/?locale=fr_ca\" target=\"_blank\" rel=\"noopener noreferrer\">Tigre G\u00e9ant<\/a> <a href=\"https:\/\/www.google.ca\/maps\/place\/Giant+Tiger\/@45.6245019,-75.9355824,17z\/data=!3m1!4b1!4m5!3m4!1s0x4cd1e7c1ed70b5f1:0x71e331da4c4d4c0d!8m2!3d45.6245019!4d-75.9333937\" target=\"_blank\" rel=\"noopener noreferrer\">Plan<\/a><\/p>\n<p style=\"text-align: center;\">Tim Hortons&nbsp;<a href=\"https:\/\/www.google.ca\/maps\/place\/Giant+Tiger\/@45.6245019,-75.9355824,17z\/data=!3m1!4b1!4m5!3m4!1s0x4cd1e7c1ed70b5f1:0x71e331da4c4d4c0d!8m2!3d45.6245019!4d-75.9333937\" target=\"_blank\" rel=\"noopener noreferrer\">Plan<\/a><\/p>\n<p style=\"text-align: center;\">IGA Famille Charles (\u00e9picerie)&nbsp;<a href=\"https:\/\/www.google.ca\/maps\/place\/IGA+Famille+Charles\/@45.6010917,-75.8988087,13z\/data=!4m8!1m2!2m1!1sIGA+Famille+Charles!3m4!1s0x4cd1e6e3a6e81545:0xca8b2c5d373cbf66!8m2!3d45.5986958!4d-75.8987071\" target=\"_blank\" rel=\"noopener noreferrer\">Plan<\/a><\/p>\n<p style=\"text-align: center;\">Station d&rsquo;essence&nbsp;<a href=\"https:\/\/www.google.ca\/maps\/place\/Francis\/@45.6401848,-76.0165672,14z\/data=!4m8!1m2!2m1!1s+gas+station+masham+quebec!3m4!1s0x0:0xa859167df479bb38!8m2!3d45.6447757!4d-76.0139859\" target=\"_blank\" rel=\"noopener noreferrer\">Plan<\/a><\/p>\n<p style=\"text-align: center;\">D\u00e9panneur Bon-Heurre &nbsp;<a href=\"https:\/\/www.google.ca\/maps\/place\/Depanneur+Bonne-Heure\/@45.6335826,-75.9305583,17z\/data=!3m1!4b1!4m5!3m4!1s0x4cd1e7eded20d539:0x4ef6ec7ede1b1175!8m2!3d45.6335826!4d-75.9283696\" target=\"_blank\" rel=\"noopener noreferrer\">Plan<\/a><\/p>\n<p style=\"text-align: center;\">Rona (quincaillerie)&nbsp;<a href=\"https:\/\/www.google.ca\/maps\/place\/RONA+Quincaillerie+R-Cube+Inc.\/@45.648826,-75.9278037,17z\/data=!3m1!4b1!4m5!3m4!1s0x4cd1dd5a299dea4b:0xb3996e769b718420!8m2!3d45.648826!4d-75.925615\" target=\"_blank\" rel=\"noopener noreferrer\">Plan<\/a><\/p>\n<p style=\"text-align: center;\">Mat\u00e9riaux Beausoleil Construction&nbsp;<a href=\"https:\/\/www.google.ca\/maps\/place\/Mat%C3%83%C2%A9riaux+de+Construction+Beausoleil+Ltee\/@45.6176688,-75.9215288,17z\/data=!3m1!4b1!4m5!3m4!1s0x4cd1dd508cb9c8d1:0x8e307d45cd05da48!8m2!3d45.6176688!4d-75.9193401\" target=\"_blank\" rel=\"noopener noreferrer\">Plan<\/a><\/p>\n<p>&nbsp;<\/p>\n","protected":false},"excerpt":{"rendered":"<p>Magasins et Services Locaux Pharmacie Brunet Plan H\u00f4pital M\u00e9morial de Wakefield Plan Magasin G\u00e9neral de Wakefield Plan For\u00eat Aliments Naturels&nbsp;Plan Tigre G\u00e9ant Plan Tim Hortons&nbsp;Plan IGA Famille Charles (\u00e9picerie)&nbsp;Plan Station &hellip; <a href=\"https:\/\/wakefieldinn.ca\/fr\/magasins-et-services-locaux\/\">Read more<\/a><\/p>\n","protected":false},"author":4,"featured_media":578,"parent":0,"menu_order":0,"comment_status":"closed","ping_status":"closed","template":"","meta":{"_acf_changed":false,"_seopress_robots_primary_cat":"","_seopress_titles_title":"Magasins et services Locaux - Wakefield Canada","_seopress_titles_desc":"Voice une liste de magasins et services locaux dans la r\u00e9gion de Wakefield. Notre gite est au centre du village et \u00e0 25 minutes d&#039;Ottawa.","_seopress_robots_index":"","footnotes":"","_links_to":"","_links_to_target":""},"class_list":["post-790","page","type-page","status-publish","has-post-thumbnail","hentry"],"acf":[],"_links":{"self":[{"href":"https:\/\/wakefieldinn.ca\/fr\/wp-json\/wp\/v2\/pages\/790","targetHints":{"allow":["GET"]}}],"collection":[{"href":"https:\/\/wakefieldinn.ca\/fr\/wp-json\/wp\/v2\/pages"}],"about":[{"href":"https:\/\/wakefieldinn.ca\/fr\/wp-json\/wp\/v2\/types\/page"}],"author":[{"embeddable":true,"href":"https:\/\/wakefieldinn.ca\/fr\/wp-json\/wp\/v2\/users\/4"}],"replies":[{"embeddable":true,"href":"https:\/\/wakefieldinn.ca\/fr\/wp-json\/wp\/v2\/comments?post=790"}],"version-history":[{"count":0,"href":"https:\/\/wakefieldinn.ca\/fr\/wp-json\/wp\/v2\/pages\/790\/revisions"}],"wp:featuredmedia":[{"embeddable":true,"href":"https:\/\/wakefieldinn.ca\/fr\/wp-json\/wp\/v2\/media\/578"}],"wp:attachment":[{"href":"https:\/\/wakefieldinn.ca\/fr\/wp-json\/wp\/v2\/media?parent=790"}],"curies":[{"name":"wp","href":"https:\/\/api.w.org\/{rel}","templated":true}]}}