{"id":855,"date":"2016-07-08T18:34:33","date_gmt":"2016-07-08T18:34:33","guid":{"rendered":"https:\/\/wakefieldinn.ca\/fr\/getting-to-wakefield\/"},"modified":"2017-09-04T10:36:07","modified_gmt":"2017-09-04T14:36:07","slug":"sy-rendre","status":"publish","type":"page","link":"https:\/\/wakefieldinn.ca\/fr\/sy-rendre\/","title":{"rendered":"S&rsquo;y Rendre"},"content":{"rendered":"<h2>Comment se rendre \u00e0 Wakefield, Qu\u00e9bec<\/h2>\n<h2>Du centre-ville d&rsquo;Ottawa (25 minutes)<\/h2>\n<ul>\n<li>Du centre-ville d&rsquo;Ottawa, traverser le pont MacDonald Cartier et continuer sur l&rsquo;autoroute 5 Nord.<\/li>\n<li>Suivez l&rsquo;autoroute 5 N pour 29 km et prenez la sortie 28 en direction de Valley Drive.<\/li>\n<li>Au rond-point, prenez la deuxi\u00e8me sortie sur Valley Dr. et continuer sur le chemin de la Vall\u00e9e de Wakefield pour moins de 1 km.<\/li>\n<li>Tournez \u00e0 gauche sur le chemin Riverside, puis de nouveau \u00e0 gauche sur le chemin Burnside.<\/li>\n<li>Belle de Nuit est au 21 Chemin Burnside, Wakefield, Qu\u00e9bec. Nous avons h\u00e2te de vous recevoir!<\/li>\n<\/ul>\n<h2>De l&rsquo;a\u00e9roport international d&rsquo;Ottawa (45 minutes)<\/h2>\n<ul>\n<li>Airport Parkway nord devient l&rsquo;avenue Bronson<\/li>\n<li>A Droite sur la rue Chamberlain juste avant\u00a0de passer sous l&rsquo;autoroute 417<\/li>\n<li>Prenez la rue Chamberlain qui est parall\u00e8le \u00e0 l&rsquo;autoroute 417<\/li>\n<li>Restez dans la voie gauche et prenez la rampe vers l&rsquo;autoroute 417<\/li>\n<li>Sortie rue Nicholas \/ Ave Lees<\/li>\n<li>Restez \u00e0 la droite\u00a0et suivez l&rsquo;avenue Lees<\/li>\n<li>A gauche\u00a0au\u00a0stop<\/li>\n<li>Suivez les panneaux pour la rue\u00a0King Edward, restez \u00e0 droite<\/li>\n<li>King Edward vers les panneaux\u00a0pour\u00a0Hull ou autoroute 5<\/li>\n<li>Traversez le pont Macdonald-Cartier; suivez les panneaux pour l&rsquo;autoroute 5 &#8211; Maniwaki<\/li>\n<li>Restez sur l&rsquo;autoroute 5 pour 22 minutes et prenez la sortie 28 La P\u00eache<\/li>\n<li>Prenez\u00a0la deuxi\u00e8me sortie dans le rond-point qui devient le chemin de la Vall\u00e9e et continuez sur le\u00a0chemin de la Vall\u00e9e vers Wakefield<\/li>\n<li><span class=\"renderable-component-text renderable-component-text-not-line\">A gauche sur le chemin Riverside, puis \u00e0<span class=\"renderable-component-text renderable-component-text-not-line\">\u00a0gauche<\/span><span class=\"renderable-component-text renderable-component-text-not-line\">\u00a0sur le c<\/span>hemin Burnside. Belle de Nuit est au 21 chemin Burnside.<\/span><\/li>\n<\/ul>\n<h2>De Montr\u00e9al (2.5 heures)<\/h2>\n<ul>\n<li>Autoroute 40 nord pour 65 km<\/li>\n<li>Direction ouest sur l&rsquo;autoroute 417 pour 120 km<\/li>\n<li>Prenez la sortie Nicholas St mais restez dans la voie de droite et suivez l&rsquo;avenue Mann<\/li>\n<li>Continuez tout droit et prenez la rue King Edward<\/li>\n<li>Continuez sur King Edward et suivez les indications pour Gatineau ou l&rsquo;autoroute 5<\/li>\n<li>Traversez le pont Macdonald-Cartier au Qu\u00e9bec;\u00a0suivez les indications pour l&rsquo;autoroute 5 \/ Maniwaki<\/li>\n<li>Restez sur l&rsquo;autoroute 5 pour environ 22 minutes et prenez la sortie 28 &#8211; La P\u00eache<\/li>\n<li>Prenez la deuxi\u00e8me sortie dans le rond-point qui devient le chemin de la Vall\u00e9e et continuez sur le chemin de la Vall\u00e9e vers Wakefield.<\/li>\n<li><span class=\"renderable-component-text renderable-component-text-not-line\">A gauche sur le c<\/span>hemin Riverside, puis \u00e0<span class=\"renderable-component-text renderable-component-text-not-line\">\u00a0gauche<\/span><span class=\"renderable-component-text renderable-component-text-not-line\">\u00a0sur le c<\/span>hemin Burnside. Belle de Nuit est au 21 chemin Burnside.<\/li>\n<\/ul>\n<h2>De\u00a0Toronto (4.5 heures)<\/h2>\n<ul>\n<li>Prenez l&rsquo;autoroute 401 sur 340 km<\/li>\n<li>Suivez l&rsquo;autoroute 416 nord sur 75 km (sortie 721A) vers Ottawa<\/li>\n<li>Direction est sur l&rsquo;autoroute 417 en direction d&rsquo;Ottawa et prenez la sortie rue Nicholas \/ avenue Lees<\/li>\n<li>Restez \u00e0 droite et suivez Lees Ave<\/li>\n<li>Tourner \u00e0 gauche au stop<\/li>\n<li>Suivez les indications pour King Edward, restez du cot\u00e9 droit sur King Edward<\/li>\n<li>Sur King Edward suivez les indications pour Hull ou Autoroute 5<\/li>\n<li>Traversez le pont Macdonald-Cartier au Qu\u00e9bec; suivez les indications pour l&rsquo;autoroute 5 -Maniwaki<\/li>\n<li>Restez sur l&rsquo;autoroute 5 pour environ 22 minutes et prenez la sortie 28 &#8211; La P\u00eache<\/li>\n<li>Prenez la deuxi\u00e8me sortie dans le rond-point qui devient le chemin de la Vall\u00e9e et continuez sur le chemin de la Vall\u00e9e vers Wakefield.<\/li>\n<li><span class=\"renderable-component-text renderable-component-text-not-line\">A gauche sur le c<\/span>hemin Riverside, puis \u00e0<span class=\"renderable-component-text renderable-component-text-not-line\">\u00a0gauche<\/span><span class=\"renderable-component-text renderable-component-text-not-line\">\u00a0sur le c<\/span>hemin Burnside. Belle de Nuit est au 21 chemin Burnside.<\/li>\n<\/ul>\n<p>&nbsp;<\/p>\n","protected":false},"excerpt":{"rendered":"<p>Comment se rendre \u00e0 Wakefield, Qu\u00e9bec Du centre-ville d&rsquo;Ottawa (25 minutes) Du centre-ville d&rsquo;Ottawa, traverser le pont MacDonald Cartier et continuer sur l&rsquo;autoroute 5 Nord. Suivez l&rsquo;autoroute 5 N pour &hellip; <a href=\"https:\/\/wakefieldinn.ca\/fr\/sy-rendre\/\">Read more<\/a><\/p>\n","protected":false},"author":4,"featured_media":2362,"parent":0,"menu_order":0,"comment_status":"closed","ping_status":"closed","template":"","meta":{"_acf_changed":false,"_seopress_robots_primary_cat":"","_seopress_titles_title":"Se rendre \u00e0 notre Auberge Wakefield - Parc de la Gatineau","_seopress_titles_desc":"A seulement 25 minutes d&#039;Ottawa, le charmant village de Wakefield longe la rivi\u00e8re Gatineau et le Parc de La Gatineau. Merci de votre visite!","_seopress_robots_index":"","footnotes":"","_links_to":"","_links_to_target":""},"class_list":["post-855","page","type-page","status-publish","has-post-thumbnail","hentry"],"acf":[],"_links":{"self":[{"href":"https:\/\/wakefieldinn.ca\/fr\/wp-json\/wp\/v2\/pages\/855","targetHints":{"allow":["GET"]}}],"collection":[{"href":"https:\/\/wakefieldinn.ca\/fr\/wp-json\/wp\/v2\/pages"}],"about":[{"href":"https:\/\/wakefieldinn.ca\/fr\/wp-json\/wp\/v2\/types\/page"}],"author":[{"embeddable":true,"href":"https:\/\/wakefieldinn.ca\/fr\/wp-json\/wp\/v2\/users\/4"}],"replies":[{"embeddable":true,"href":"https:\/\/wakefieldinn.ca\/fr\/wp-json\/wp\/v2\/comments?post=855"}],"version-history":[{"count":0,"href":"https:\/\/wakefieldinn.ca\/fr\/wp-json\/wp\/v2\/pages\/855\/revisions"}],"wp:featuredmedia":[{"embeddable":true,"href":"https:\/\/wakefieldinn.ca\/fr\/wp-json\/wp\/v2\/media\/2362"}],"wp:attachment":[{"href":"https:\/\/wakefieldinn.ca\/fr\/wp-json\/wp\/v2\/media?parent=855"}],"curies":[{"name":"wp","href":"https:\/\/api.w.org\/{rel}","templated":true}]}}