{"id":955,"date":"2012-08-15T15:32:43","date_gmt":"2012-08-15T15:32:43","guid":{"rendered":"https:\/\/wakefieldinn.ca\/fr\/rooms\/"},"modified":"2024-06-26T15:53:26","modified_gmt":"2024-06-26T19:53:26","slug":"chambres","status":"publish","type":"page","link":"https:\/\/wakefieldinn.ca\/fr\/chambres\/","title":{"rendered":"Chambres"},"content":{"rendered":"<p>Choisissez parmi 5 suites modernes \u00e0 th\u00e8me unique. Toutes nos suites sont \u00e9quip\u00e9es d&rsquo;une cuisine compl\u00e8te, d\u2019une connexion Wi-Fi gratuite, d\u2019un t\u00e9l\u00e9viseur \u00e0 haute d\u00e9finition, et de grands espaces meubl\u00e9s \u00e0 l\u2019ext\u00e9rieur. Quatre de nos suites ont des patios priv\u00e9e avec bain remou priv\u00e9. \u00a0Toutes les r\u00e9servations sont en dollars canadiens et sont assujetties aux taxes de vente provinciales et f\u00e9d\u00e9rale. Si vous avez des questions nous vous invitons \u00e0 visitez notre page <a href=\"https:\/\/wakefieldinn.ca\/fr\/faqs-gite-parc-de-la-gatineau\/\" target=\"_blank\" rel=\"noopener noreferrer\">FAQ<\/a>.<\/p>\n<p>Les tarifs des chambres sont pour deux personnes. Tous les occupants suppl\u00e9mentaires devront payer 50 $ chacun par nuit. Les enfants de 6 ans ou moins\u00a0 s\u00e9journeront avec nous gratuitement. \u00a0Nous avons h\u00e2te de vous accueillir \u00e0 Wakefield!<\/p>\n<p><a href=\"https:\/\/secure.thinkreservations.com\/belledenuit\/reservations\" target=\"_blank\" rel=\"noopener noreferrer\">Reservez en-ligne<\/a><\/p>\n<div class=\"accomms-row row row-flow cf\">\n\t<div class=\"col-sm-4\">\n\t<div class=\"room-box\">\n\t<a class=\"cf\" href=\"https:\/\/wakefieldinn.ca\/fr\/room\/bain-tourbillon-romance\/\">\n\t<div class=\"room-box-thumb img-cover\">\n\t\t<img decoding=\"async\" width=\"300\" height=\"165\" src=\"https:\/\/wakefieldinn.ca\/wp-content\/uploads\/2012\/08\/rooms_new_pano-300x165.jpg\" class=\"attachment-medium size-medium wp-post-image\" alt=\"And turn on your electric fireplace. Welcome to our beautiful bed and breakfast\" srcset=\"https:\/\/wakefieldinn.ca\/wp-content\/uploads\/2012\/08\/rooms_new_pano-300x165.jpg 300w, https:\/\/wakefieldinn.ca\/wp-content\/uploads\/2012\/08\/rooms_new_pano-1024x562.jpg 1024w, https:\/\/wakefieldinn.ca\/wp-content\/uploads\/2012\/08\/rooms_new_pano.jpg 1700w\" sizes=\"(max-width: 300px) 100vw, 300px\" \/>\t<\/div>\n\t<div class=\"room-box-details\">\n\t\t<h3>Paris Je t&rsquo;aime<\/h3>\n\t\t<ul><li>4 personnes<\/li><li>Bain remous sur votre patio priv\u00e9<\/li><li>foyer \u00e9lectrique, Cuisine compl\u00e8te, Netflix<\/li><\/ul>\t<\/div>\n\t<\/a>\n\t<\/div>\n\t<\/div>\n\t<div class=\"col-sm-4\">\n\t<div class=\"room-box\">\n\t<a class=\"cf\" href=\"https:\/\/wakefieldinn.ca\/fr\/room\/4-personnes\/\">\n\t<div class=\"room-box-thumb img-cover\">\n\t\t<img decoding=\"async\" width=\"300\" height=\"200\" src=\"https:\/\/wakefieldinn.ca\/wp-content\/uploads\/2018\/06\/INN-S2-300x200.jpg\" class=\"attachment-medium size-medium wp-post-image\" alt=\"\" srcset=\"https:\/\/wakefieldinn.ca\/wp-content\/uploads\/2018\/06\/INN-S2-300x200.jpg 300w, https:\/\/wakefieldinn.ca\/wp-content\/uploads\/2018\/06\/INN-S2.jpg 800w\" sizes=\"(max-width: 300px) 100vw, 300px\" \/>\t<\/div>\n\t<div class=\"room-box-details\">\n\t\t<h3>Ambiance<\/h3>\n\t\t<ul><li>1-5 personnes<\/li><li>Grande Suite<\/li><li>2 lits + fouton enfant<\/li><li>Coin dinette<\/li><\/ul>\t<\/div>\n\t<\/a>\n\t<\/div>\n\t<\/div>\n\t<div class=\"col-sm-4\">\n\t<div class=\"room-box\">\n\t<a class=\"cf\" href=\"https:\/\/wakefieldinn.ca\/fr\/room\/bains-tourbillons-en-toscane\/\">\n\t<div class=\"room-box-thumb img-cover\">\n\t\t<img decoding=\"async\" width=\"300\" height=\"143\" src=\"https:\/\/wakefieldinn.ca\/wp-content\/uploads\/2016\/07\/Tuscany_Tub_1100b_nik_matte-300x143.jpg\" class=\"attachment-medium size-medium wp-post-image\" alt=\"\" srcset=\"https:\/\/wakefieldinn.ca\/wp-content\/uploads\/2016\/07\/Tuscany_Tub_1100b_nik_matte-300x143.jpg 300w, https:\/\/wakefieldinn.ca\/wp-content\/uploads\/2016\/07\/Tuscany_Tub_1100b_nik_matte-1024x488.jpg 1024w, https:\/\/wakefieldinn.ca\/wp-content\/uploads\/2016\/07\/Tuscany_Tub_1100b_nik_matte.jpg 1100w\" sizes=\"(max-width: 300px) 100vw, 300px\" \/>\t<\/div>\n\t<div class=\"room-box-details\">\n\t\t<h3>Toscane<\/h3>\n\t\t<ul><li>2 personnes (4 en ouvrant le sofa lit le soir)<\/li><li>terrace priv\u00e9e<\/li><li>Bain tourbillon pour 2, en c\u00e8dre sur la terrasse (Des frais s'appliquent \u00e0 votre premi\u00e8re journ\u00e9e)<\/li><li>Cuisine compl\u00e8te<\/li><\/ul>\t<\/div>\n\t<\/a>\n\t<\/div>\n\t<\/div>\n\t<div class=\"col-sm-4\">\n\t<div class=\"room-box\">\n\t<a class=\"cf\" href=\"https:\/\/wakefieldinn.ca\/fr\/room\/bain-tourbillon-new-york-new-york\/\">\n\t<div class=\"room-box-thumb img-cover\">\n\t\t<img decoding=\"async\" width=\"300\" height=\"141\" src=\"https:\/\/wakefieldinn.ca\/wp-content\/uploads\/2016\/07\/new_york_edit_1400-300x141.jpg\" class=\"attachment-medium size-medium wp-post-image\" alt=\"\" srcset=\"https:\/\/wakefieldinn.ca\/wp-content\/uploads\/2016\/07\/new_york_edit_1400-300x141.jpg 300w, https:\/\/wakefieldinn.ca\/wp-content\/uploads\/2016\/07\/new_york_edit_1400-1024x482.jpg 1024w, https:\/\/wakefieldinn.ca\/wp-content\/uploads\/2016\/07\/new_york_edit_1400.jpg 1594w\" sizes=\"(max-width: 300px) 100vw, 300px\" \/>\t<\/div>\n\t<div class=\"room-box-details\">\n\t\t<h3>New York, New York<\/h3>\n\t\t<ul><li>2 personnes<\/li><li>Bain remous ext\u00e9rieur (Des frais s'appliquent \u00e0 votre premi\u00e8re journ\u00e9e)<\/li><li>foyer \u00e9lectrique<\/li><li>Baignoire double<\/li><\/ul>\t<\/div>\n\t<\/a>\n\t<\/div>\n\t<\/div>\n\t<div class=\"col-sm-4\">\n\t<div class=\"room-box\">\n\t<a class=\"cf\" href=\"https:\/\/wakefieldinn.ca\/fr\/room\/venise-je-taime\/\">\n\t<div class=\"room-box-thumb img-cover\">\n\t\t<img decoding=\"async\" width=\"300\" height=\"164\" src=\"https:\/\/wakefieldinn.ca\/wp-content\/uploads\/2016\/07\/main_venice_new-1-300x164.jpg\" class=\"attachment-medium size-medium wp-post-image\" alt=\"romantic escape near Ottawa\" srcset=\"https:\/\/wakefieldinn.ca\/wp-content\/uploads\/2016\/07\/main_venice_new-1-300x164.jpg 300w, https:\/\/wakefieldinn.ca\/wp-content\/uploads\/2016\/07\/main_venice_new-1-1024x558.jpg 1024w, https:\/\/wakefieldinn.ca\/wp-content\/uploads\/2016\/07\/main_venice_new-1.jpg 1400w\" sizes=\"(max-width: 300px) 100vw, 300px\" \/>\t<\/div>\n\t<div class=\"room-box-details\">\n\t\t<h3>Venise je t&rsquo;aime<\/h3>\n\t\t<ul><li>2 personnes<\/li><li>Bain tourbillon sur patio priv\u00e9 (Des frais s'appliquent \u00e0 votre premi\u00e8re journ\u00e9e)<\/li><li>foyer \u00e9lectrique<\/li><\/ul>\t<\/div>\n\t<\/a>\n\t<\/div>\n\t<\/div>\n\t<div class=\"col-sm-4\">\n\t<div class=\"room-box\">\n\t<a class=\"cf\" href=\"https:\/\/wakefieldinn.ca\/fr\/room\/le-pont-rouge\/\">\n\t<div class=\"room-box-thumb img-cover\">\n\t\t<img decoding=\"async\" width=\"300\" height=\"152\" src=\"https:\/\/wakefieldinn.ca\/wp-content\/uploads\/2016\/07\/redbridge_touched_matte_spotheal_1100_main_web-300x152.jpg\" class=\"attachment-medium size-medium wp-post-image\" alt=\"\" srcset=\"https:\/\/wakefieldinn.ca\/wp-content\/uploads\/2016\/07\/redbridge_touched_matte_spotheal_1100_main_web-300x152.jpg 300w, https:\/\/wakefieldinn.ca\/wp-content\/uploads\/2016\/07\/redbridge_touched_matte_spotheal_1100_main_web-1024x520.jpg 1024w, https:\/\/wakefieldinn.ca\/wp-content\/uploads\/2016\/07\/redbridge_touched_matte_spotheal_1100_main_web.jpg 1100w\" sizes=\"(max-width: 300px) 100vw, 300px\" \/>\t<\/div>\n\t<div class=\"room-box-details\">\n\t\t<h3>Le pont rouge<\/h3>\n\t\t<ul><li>2-6 personnes<\/li><li>v\u00e9randa priv\u00e9e couverte et meubl\u00e9e <\/li><li>foyer \u00e9lectrique<\/li><\/ul>\t<\/div>\n\t<\/a>\n\t<\/div>\n\t<\/div>\n<\/div>\n","protected":false},"excerpt":{"rendered":"<p>Choisissez parmi 5 suites modernes \u00e0 th\u00e8me unique. Toutes nos suites sont \u00e9quip\u00e9es d&rsquo;une cuisine compl\u00e8te, d\u2019une connexion Wi-Fi gratuite, d\u2019un t\u00e9l\u00e9viseur \u00e0 haute d\u00e9finition, et de grands espaces meubl\u00e9s &hellip; <a href=\"https:\/\/wakefieldinn.ca\/fr\/room\/le-pont-rouge\/\">Read more<\/a><\/p>\n","protected":false},"author":4,"featured_media":2034,"parent":0,"menu_order":7,"comment_status":"open","ping_status":"closed","template":"","meta":{"_acf_changed":false,"_seopress_robots_primary_cat":"","_seopress_titles_title":"Un hotel pr\u00e8s du Parc de la Gatineau? Nous vous proposions nos 5 suites","_seopress_titles_desc":"5 grandes suites de luxe avec petit d\u00e9jeuner &amp; wi-fi gratuit plus jacuzzi priv\u00e9. Une belle alternative au petite chambre d&#039;hotel \u00e0 Gatineau. A bient\u00f4t!","_seopress_robots_index":"","footnotes":"","_links_to":"","_links_to_target":""},"class_list":["post-955","page","type-page","status-publish","has-post-thumbnail","hentry"],"acf":[],"_links":{"self":[{"href":"https:\/\/wakefieldinn.ca\/fr\/wp-json\/wp\/v2\/pages\/955","targetHints":{"allow":["GET"]}}],"collection":[{"href":"https:\/\/wakefieldinn.ca\/fr\/wp-json\/wp\/v2\/pages"}],"about":[{"href":"https:\/\/wakefieldinn.ca\/fr\/wp-json\/wp\/v2\/types\/page"}],"author":[{"embeddable":true,"href":"https:\/\/wakefieldinn.ca\/fr\/wp-json\/wp\/v2\/users\/4"}],"replies":[{"embeddable":true,"href":"https:\/\/wakefieldinn.ca\/fr\/wp-json\/wp\/v2\/comments?post=955"}],"version-history":[{"count":0,"href":"https:\/\/wakefieldinn.ca\/fr\/wp-json\/wp\/v2\/pages\/955\/revisions"}],"wp:featuredmedia":[{"embeddable":true,"href":"https:\/\/wakefieldinn.ca\/fr\/wp-json\/wp\/v2\/media\/2034"}],"wp:attachment":[{"href":"https:\/\/wakefieldinn.ca\/fr\/wp-json\/wp\/v2\/media?parent=955"}],"curies":[{"name":"wp","href":"https:\/\/api.w.org\/{rel}","templated":true}]}}